{"id":11,"date":"2023-10-23T16:22:05","date_gmt":"2023-10-23T16:22:05","guid":{"rendered":"http:\/\/stowarzyszenieprzyjaciel.local\/?page_id=8"},"modified":"2023-11-05T14:23:55","modified_gmt":"2023-11-05T13:23:55","slug":"strona-glowna","status":"publish","type":"page","link":"http:\/\/stowarzyszenieprzyjaciel.eu\/","title":{"rendered":"Strona G\u0142\u00f3wna"},"content":{"rendered":"\n<p>&nbsp; &nbsp; &nbsp; &nbsp; &nbsp; &nbsp;  <strong>Aktualno\u015bci<\/strong><\/p>\n\n\n\n<p>\u00a0 \u00a0 \u00a0 \u00a0 \u00a0 \u00a0 \u015awi\u0119to Dyni<\/p>\n\n\n\n<p>Witajcie Kochani <img loading=\"lazy\" decoding=\"async\" height=\"16\" width=\"16\" src=\"https:\/\/static.xx.fbcdn.net\/images\/emoji.php\/v9\/tfa\/1\/16\/1f44b.png\" alt=\"\ud83d\udc4b\"><img loading=\"lazy\" decoding=\"async\" height=\"16\" width=\"16\" src=\"https:\/\/static.xx.fbcdn.net\/images\/emoji.php\/v9\/tfa\/1\/16\/1f44b.png\" alt=\"\ud83d\udc4b\"><img loading=\"lazy\" decoding=\"async\" height=\"16\" width=\"16\" src=\"https:\/\/static.xx.fbcdn.net\/images\/emoji.php\/v9\/tfa\/1\/16\/1f44b.png\" alt=\"\ud83d\udc4b\"><\/p>\n\n\n\n<p>Jak pewnie zd\u0105\u017cyli\u015bcie zauwa\u017cy\u0107 w Naszym Stowarzyszeniu co chwile co\u015b si\u0119 dzieje <img loading=\"lazy\" decoding=\"async\" height=\"16\" width=\"16\" src=\"https:\/\/static.xx.fbcdn.net\/images\/emoji.php\/v9\/t57\/1\/16\/1f609.png\" alt=\"\ud83d\ude09\"><img loading=\"lazy\" decoding=\"async\" height=\"16\" width=\"16\" src=\"https:\/\/static.xx.fbcdn.net\/images\/emoji.php\/v9\/t3\/1\/16\/1f92d.png\" alt=\"\ud83e\udd2d\">Ostatnio obchodzili\u015bmy \u015bwi\u0119to Pieczonego Ziemniaka <img loading=\"lazy\" decoding=\"async\" height=\"16\" width=\"16\" src=\"https:\/\/static.xx.fbcdn.net\/images\/emoji.php\/v9\/tb0\/1\/16\/1f954.png\" alt=\"\ud83e\udd54\"><img loading=\"lazy\" decoding=\"async\" height=\"16\" width=\"16\" src=\"https:\/\/static.xx.fbcdn.net\/images\/emoji.php\/v9\/tb0\/1\/16\/1f954.png\" alt=\"\ud83e\udd54\"><img loading=\"lazy\" decoding=\"async\" height=\"16\" width=\"16\" src=\"https:\/\/static.xx.fbcdn.net\/images\/emoji.php\/v9\/tb0\/1\/16\/1f954.png\" alt=\"\ud83e\udd54\"> a dzisiaj, \u017ceby nie by\u0142o nudy obchodzili\u015bmy \u015bwi\u0119to Dyni <img loading=\"lazy\" decoding=\"async\" height=\"16\" width=\"16\" src=\"https:\/\/static.xx.fbcdn.net\/images\/emoji.php\/v9\/t86\/1\/16\/1f383.png\" alt=\"\ud83c\udf83\"><img loading=\"lazy\" decoding=\"async\" height=\"16\" width=\"16\" src=\"https:\/\/static.xx.fbcdn.net\/images\/emoji.php\/v9\/t86\/1\/16\/1f383.png\" alt=\"\ud83c\udf83\"><img loading=\"lazy\" decoding=\"async\" height=\"16\" width=\"16\" src=\"https:\/\/static.xx.fbcdn.net\/images\/emoji.php\/v9\/t86\/1\/16\/1f383.png\" alt=\"\ud83c\udf83\"><img loading=\"lazy\" decoding=\"async\" height=\"16\" width=\"16\" src=\"https:\/\/static.xx.fbcdn.net\/images\/emoji.php\/v9\/t86\/1\/16\/1f383.png\" alt=\"\ud83c\udf83\"><\/p>\n\n\n\n<p><\/p>\n\n\n\n<p>&nbsp; &nbsp; &nbsp; &nbsp; &nbsp; &nbsp;  <strong>Historia<\/strong><\/p>\n\n\n\n<p>Stowarzyszenie powsta\u0142o w 1992 roku z inicjatywy rodzic\u00f3w niepe\u0142nosprawnych dzieci i uzyska\u0142o osobowo\u015b\u0107 prawn\u0105 w lipcu 1993 roku. W 1995 roku pozyska\u0142o pomieszczenia na sta\u0142\u0105 siedzib\u0119 oraz sal rehabilitacyjnych. W 1998 roku zatrudniono rehabilitanta, masa\u017cyst\u0119 i terapeutk\u0119 zaj\u0119ciow\u0105. Stowarzyszenie zorganizowa\u0142o 13 turnus\u00f3w rehabilitacyjnych, 4 biwaki rodzinne i liczne imprezy okoliczno\u015bciowe. W 2002 roku powsta\u0142 integracyjny zesp\u00f3\u0142 wokalny &#8220;Tacy Sami&#8221;, kt\u00f3rego dw\u00f3ch cz\u0142onk\u00f3w zdoby\u0142o &#8220;z\u0142ote klucze&#8221; i wyr\u00f3\u017cnienia na Og\u00f3lnopolskich Prezentacjach Artystycznych Dzieci i M\u0142odzie\u017cy Niepe\u0142nosprawnej w Jarocinie. Bardziej Szczeg\u00f3\u0142owo jest opisane w zak\u0142adce historia.<\/p>\n\n\n\n<p><strong>&nbsp; &nbsp; &nbsp; &nbsp; &nbsp; &nbsp; O Stowarzyszeniu<\/strong><\/p>\n\n\n\n<p>Dzia\u0142alno\u015b\u0107 Stowarzyszenia odbywa si\u0119 w siedzibie. Utworzono dwie sale: rehabilitacyjne oraz terapii zaj\u0119ciowej. Podopieczni obj\u0119ci s\u0105 fachow\u0105 opiek\u0105 dw\u00f3ch rehabilitant\u00f3w oraz terapeutki zaj\u0119ciowej. Jest mo\u017cliwo\u015b\u0107 korzystania z wanny z hydromasa\u017cem oraz masa\u017cu ko\u0144czyn dolnych w wir\u00f3wce do masa\u017cu kd. Wszystkie sale s\u0105 na jednym poziomie, o\u015brodek dost\u0119pny &#8211; pozbawiony barier architektonicznych. Bardziej Szczeg\u00f3\u0142owo jest opisane w zak\u0142adce O Stowarzyszeniu.<\/p>\n\n\n\n<p>&nbsp; &nbsp; &nbsp; &nbsp; &nbsp; &nbsp; <strong>Sprawozdania<\/strong><\/p>\n\n\n\n<p>&nbsp; &nbsp; &nbsp; &nbsp; &nbsp; &nbsp; Wszystkie sprawozdania w zak\u0142adce Sprawozdania<\/p>\n","protected":false},"excerpt":{"rendered":"<p>&nbsp; &nbsp; &nbsp; &nbsp; &nbsp; &nbsp; Aktualno\u015bci \u00a0 \u00a0 \u00a0 \u00a0 \u00a0 \u00a0 \u015awi\u0119to Dyni Witajcie Kochani Jak pewnie zd\u0105\u017cyli\u015bcie zauwa\u017cy\u0107 w Naszym Stowarzyszeniu co chwile co\u015b si\u0119 dzieje Ostatnio obchodzili\u015bmy \u015bwi\u0119to Pieczonego Ziemniaka a dzisiaj, \u017ceby nie by\u0142o nudy obchodzili\u015bmy \u015bwi\u0119to Dyni &nbsp; &nbsp; &nbsp; &nbsp; &nbsp; &nbsp; Historia Stowarzyszenie powsta\u0142o w 1992 roku [&hellip;]<\/p>\n","protected":false},"author":1,"featured_media":0,"parent":0,"menu_order":0,"comment_status":"closed","ping_status":"closed","template":"","meta":{"footnotes":""},"class_list":["post-11","page","type-page","status-publish","hentry"],"_links":{"self":[{"href":"http:\/\/stowarzyszenieprzyjaciel.eu\/index.php?rest_route=\/wp\/v2\/pages\/11","targetHints":{"allow":["GET"]}}],"collection":[{"href":"http:\/\/stowarzyszenieprzyjaciel.eu\/index.php?rest_route=\/wp\/v2\/pages"}],"about":[{"href":"http:\/\/stowarzyszenieprzyjaciel.eu\/index.php?rest_route=\/wp\/v2\/types\/page"}],"author":[{"embeddable":true,"href":"http:\/\/stowarzyszenieprzyjaciel.eu\/index.php?rest_route=\/wp\/v2\/users\/1"}],"replies":[{"embeddable":true,"href":"http:\/\/stowarzyszenieprzyjaciel.eu\/index.php?rest_route=%2Fwp%2Fv2%2Fcomments&post=11"}],"version-history":[{"count":5,"href":"http:\/\/stowarzyszenieprzyjaciel.eu\/index.php?rest_route=\/wp\/v2\/pages\/11\/revisions"}],"predecessor-version":[{"id":151,"href":"http:\/\/stowarzyszenieprzyjaciel.eu\/index.php?rest_route=\/wp\/v2\/pages\/11\/revisions\/151"}],"wp:attachment":[{"href":"http:\/\/stowarzyszenieprzyjaciel.eu\/index.php?rest_route=%2Fwp%2Fv2%2Fmedia&parent=11"}],"curies":[{"name":"wp","href":"https:\/\/api.w.org\/{rel}","templated":true}]}}